{"id":580,"date":"2018-10-16T15:49:47","date_gmt":"2018-10-16T15:49:47","guid":{"rendered":"https:\/\/toothrescueconcept.info\/box-info\/"},"modified":"2025-09-11T08:28:11","modified_gmt":"2025-09-11T08:28:11","slug":"box-info","status":"publish","type":"page","link":"https:\/\/dtp.velvet.works\/et\/box-info\/","title":{"rendered":"Mis on HPT?"},"content":{"rendered":"<h1>Hambap\u00e4\u00e4stetoos<\/h1>\n<p class=\"p1\">V\u00e4ljal\u00f6\u00f6dud hamba puhul peavad hambajuure pinnal paiknevad periodondi rakud tingimata s\u00e4ilima. Vale s\u00e4ilitamise korral surevad need t\u00e4htsad rakud v\u00e4ga l\u00fchikese aja jooksul. Hambap\u00e4\u00e4stetoosis (v\u00e4ikses toosis) on spetsiaalne rakutoitelahus, mis tagab nende rakkude s\u00e4ilimise kuni 48 tunniks.<\/p>\n<p class=\"p1\">See on hambap\u00e4\u00e4stetoosi esmane \u00fclesanne ning seega hamba v\u00f5imaliku tagasisiirdamise ja p\u00fcsiva paranemise parim eeltingimus. Lisaks, seal saab ka hamba k\u00fcljest murdunud kilde s\u00e4ilitada. Hambap\u00e4\u00e4stetoosi s\u00e4ilivusaeg on kolm aastat alates tootmiskuup\u00e4evast.<span class=\"s1\"><br \/>\n<\/span>S\u00e4ilitamistemperatuur on v\u00e4hemalt 4 \u00b0C ja maksimaalselt 25 \u00b0C..<\/p>\n","protected":false},"excerpt":{"rendered":"<p>Hambap\u00e4\u00e4stetoos V\u00e4ljal\u00f6\u00f6dud hamba puhul peavad hambajuure pinnal paiknevad periodondi rakud tingimata s\u00e4ilima. Vale s\u00e4ilitamise korral surevad need t\u00e4htsad rakud v\u00e4ga l\u00fchikese aja jooksul. Hambap\u00e4\u00e4stetoosis (v\u00e4ikses toosis) on spetsiaalne rakutoitelahus, mis tagab nende rakkude s\u00e4ilimise kuni 48 tunniks. See on hambap\u00e4\u00e4stetoosi esmane \u00fclesanne ning seega hamba v\u00f5imaliku tagasisiirdamise ja p\u00fcsiva paranemise parim eeltingimus. Lisaks, seal saab [&hellip;]<\/p>\n","protected":false},"author":1,"featured_media":0,"parent":0,"menu_order":0,"comment_status":"closed","ping_status":"closed","template":"template-boxinfo.php","meta":{"_acf_changed":false,"footnotes":""},"class_list":["post-580","page","type-page","status-publish","hentry"],"acf":[],"yoast_head":"<!-- This site is optimized with the Yoast SEO plugin v26.6 - https:\/\/yoast.com\/wordpress\/plugins\/seo\/ -->\n<title>Mis on HPT? - DTP<\/title>\n<meta name=\"robots\" content=\"index, follow, max-snippet:-1, max-image-preview:large, max-video-preview:-1\" \/>\n<link rel=\"canonical\" href=\"https:\/\/dtp.velvet.works\/et\/box-info\/\" \/>\n<meta property=\"og:locale\" content=\"et_EE\" \/>\n<meta property=\"og:type\" content=\"article\" \/>\n<meta property=\"og:title\" content=\"Mis on HPT? - DTP\" \/>\n<meta property=\"og:description\" content=\"Hambap\u00e4\u00e4stetoos V\u00e4ljal\u00f6\u00f6dud hamba puhul peavad hambajuure pinnal paiknevad periodondi rakud tingimata s\u00e4ilima. Vale s\u00e4ilitamise korral surevad need t\u00e4htsad rakud v\u00e4ga l\u00fchikese aja jooksul. Hambap\u00e4\u00e4stetoosis (v\u00e4ikses toosis) on spetsiaalne rakutoitelahus, mis tagab nende rakkude s\u00e4ilimise kuni 48 tunniks. See on hambap\u00e4\u00e4stetoosi esmane \u00fclesanne ning seega hamba v\u00f5imaliku tagasisiirdamise ja p\u00fcsiva paranemise parim eeltingimus. Lisaks, seal saab [&hellip;]\" \/>\n<meta property=\"og:url\" content=\"https:\/\/dtp.velvet.works\/et\/box-info\/\" \/>\n<meta property=\"og:site_name\" content=\"DTP\" \/>\n<meta property=\"article:modified_time\" content=\"2025-09-11T08:28:11+00:00\" \/>\n<meta name=\"twitter:card\" content=\"summary_large_image\" \/>\n<meta name=\"twitter:label1\" content=\"Est. reading time\" \/>\n\t<meta name=\"twitter:data1\" content=\"1 minut\" \/>\n<script type=\"application\/ld+json\" class=\"yoast-schema-graph\">{\"@context\":\"https:\/\/schema.org\",\"@graph\":[{\"@type\":\"WebPage\",\"@id\":\"https:\/\/dtp.velvet.works\/et\/box-info\/\",\"url\":\"https:\/\/dtp.velvet.works\/et\/box-info\/\",\"name\":\"Mis on HPT? - DTP\",\"isPartOf\":{\"@id\":\"https:\/\/dtp.velvet.works\/et\/#website\"},\"datePublished\":\"2018-10-16T15:49:47+00:00\",\"dateModified\":\"2025-09-11T08:28:11+00:00\",\"breadcrumb\":{\"@id\":\"https:\/\/dtp.velvet.works\/et\/box-info\/#breadcrumb\"},\"inLanguage\":\"et\",\"potentialAction\":[{\"@type\":\"ReadAction\",\"target\":[\"https:\/\/dtp.velvet.works\/et\/box-info\/\"]}]},{\"@type\":\"BreadcrumbList\",\"@id\":\"https:\/\/dtp.velvet.works\/et\/box-info\/#breadcrumb\",\"itemListElement\":[{\"@type\":\"ListItem\",\"position\":1,\"name\":\"Home\",\"item\":\"https:\/\/dtp.velvet.works\/et\/\"},{\"@type\":\"ListItem\",\"position\":2,\"name\":\"Mis on HPT?\"}]},{\"@type\":\"WebSite\",\"@id\":\"https:\/\/dtp.velvet.works\/et\/#website\",\"url\":\"https:\/\/dtp.velvet.works\/et\/\",\"name\":\"DTP\",\"description\":\"\",\"potentialAction\":[{\"@type\":\"SearchAction\",\"target\":{\"@type\":\"EntryPoint\",\"urlTemplate\":\"https:\/\/dtp.velvet.works\/et\/?s={search_term_string}\"},\"query-input\":{\"@type\":\"PropertyValueSpecification\",\"valueRequired\":true,\"valueName\":\"search_term_string\"}}],\"inLanguage\":\"et\"}]}<\/script>\n<!-- \/ Yoast SEO plugin. -->","yoast_head_json":{"title":"Mis on HPT? - DTP","robots":{"index":"index","follow":"follow","max-snippet":"max-snippet:-1","max-image-preview":"max-image-preview:large","max-video-preview":"max-video-preview:-1"},"canonical":"https:\/\/dtp.velvet.works\/et\/box-info\/","og_locale":"et_EE","og_type":"article","og_title":"Mis on HPT? - DTP","og_description":"Hambap\u00e4\u00e4stetoos V\u00e4ljal\u00f6\u00f6dud hamba puhul peavad hambajuure pinnal paiknevad periodondi rakud tingimata s\u00e4ilima. Vale s\u00e4ilitamise korral surevad need t\u00e4htsad rakud v\u00e4ga l\u00fchikese aja jooksul. Hambap\u00e4\u00e4stetoosis (v\u00e4ikses toosis) on spetsiaalne rakutoitelahus, mis tagab nende rakkude s\u00e4ilimise kuni 48 tunniks. See on hambap\u00e4\u00e4stetoosi esmane \u00fclesanne ning seega hamba v\u00f5imaliku tagasisiirdamise ja p\u00fcsiva paranemise parim eeltingimus. Lisaks, seal saab [&hellip;]","og_url":"https:\/\/dtp.velvet.works\/et\/box-info\/","og_site_name":"DTP","article_modified_time":"2025-09-11T08:28:11+00:00","twitter_card":"summary_large_image","twitter_misc":{"Est. reading time":"1 minut"},"schema":{"@context":"https:\/\/schema.org","@graph":[{"@type":"WebPage","@id":"https:\/\/dtp.velvet.works\/et\/box-info\/","url":"https:\/\/dtp.velvet.works\/et\/box-info\/","name":"Mis on HPT? - DTP","isPartOf":{"@id":"https:\/\/dtp.velvet.works\/et\/#website"},"datePublished":"2018-10-16T15:49:47+00:00","dateModified":"2025-09-11T08:28:11+00:00","breadcrumb":{"@id":"https:\/\/dtp.velvet.works\/et\/box-info\/#breadcrumb"},"inLanguage":"et","potentialAction":[{"@type":"ReadAction","target":["https:\/\/dtp.velvet.works\/et\/box-info\/"]}]},{"@type":"BreadcrumbList","@id":"https:\/\/dtp.velvet.works\/et\/box-info\/#breadcrumb","itemListElement":[{"@type":"ListItem","position":1,"name":"Home","item":"https:\/\/dtp.velvet.works\/et\/"},{"@type":"ListItem","position":2,"name":"Mis on HPT?"}]},{"@type":"WebSite","@id":"https:\/\/dtp.velvet.works\/et\/#website","url":"https:\/\/dtp.velvet.works\/et\/","name":"DTP","description":"","potentialAction":[{"@type":"SearchAction","target":{"@type":"EntryPoint","urlTemplate":"https:\/\/dtp.velvet.works\/et\/?s={search_term_string}"},"query-input":{"@type":"PropertyValueSpecification","valueRequired":true,"valueName":"search_term_string"}}],"inLanguage":"et"}]}},"_links":{"self":[{"href":"https:\/\/dtp.velvet.works\/et\/wp-json\/wp\/v2\/pages\/580","targetHints":{"allow":["GET"]}}],"collection":[{"href":"https:\/\/dtp.velvet.works\/et\/wp-json\/wp\/v2\/pages"}],"about":[{"href":"https:\/\/dtp.velvet.works\/et\/wp-json\/wp\/v2\/types\/page"}],"author":[{"embeddable":true,"href":"https:\/\/dtp.velvet.works\/et\/wp-json\/wp\/v2\/users\/1"}],"replies":[{"embeddable":true,"href":"https:\/\/dtp.velvet.works\/et\/wp-json\/wp\/v2\/comments?post=580"}],"version-history":[{"count":17,"href":"https:\/\/dtp.velvet.works\/et\/wp-json\/wp\/v2\/pages\/580\/revisions"}],"predecessor-version":[{"id":147318,"href":"https:\/\/dtp.velvet.works\/et\/wp-json\/wp\/v2\/pages\/580\/revisions\/147318"}],"wp:attachment":[{"href":"https:\/\/dtp.velvet.works\/et\/wp-json\/wp\/v2\/media?parent=580"}],"curies":[{"name":"wp","href":"https:\/\/api.w.org\/{rel}","templated":true}]}}